{"id":321,"date":"2026-04-04T20:47:04","date_gmt":"2026-04-04T20:47:04","guid":{"rendered":"https:\/\/fizjoterapiastrzelce.pl\/?page_id=321"},"modified":"2026-04-05T05:51:53","modified_gmt":"2026-04-05T05:51:53","slug":"elementor-321","status":"publish","type":"page","link":"https:\/\/fizjoterapiastrzelce.pl\/","title":{"rendered":"Strona G\u0142\u00f3wna"},"content":{"rendered":"\t\t<div data-elementor-type=\"wp-page\" data-elementor-id=\"321\" class=\"elementor elementor-321\">\n\t\t\t\t<div class=\"elementor-element elementor-element-66809fbc e-con-full e-flex e-con e-parent\" data-id=\"66809fbc\" data-element_type=\"container\" data-e-type=\"container\" data-settings=\"{&quot;background_background&quot;:&quot;classic&quot;}\">\n\t\t<div class=\"elementor-element elementor-element-181df25b e-con-full e-flex e-con e-child\" data-id=\"181df25b\" data-element_type=\"container\" data-e-type=\"container\">\n\t\t\t\t<div class=\"elementor-element elementor-element-53c7251c elementor-widget elementor-widget-heading\" data-id=\"53c7251c\" data-element_type=\"widget\" data-e-type=\"widget\" data-widget_type=\"heading.default\">\n\t\t\t\t\t<h1 class=\"elementor-heading-title elementor-size-default\">Profesjonalna fizjoterapia w Strzelcach Opolskich \u2013 zadbaj o zdrowie swojego cia\u0142a.<\/h1>\t\t\t\t<\/div>\n\t\t\t\t<div class=\"elementor-element elementor-element-6f24e871 elementor-widget elementor-widget-heading\" data-id=\"6f24e871\" data-element_type=\"widget\" data-e-type=\"widget\" data-widget_type=\"heading.default\">\n\t\t\t\t\t<h5 class=\"elementor-heading-title elementor-size-default\">Indywidualne podej\u015bcie, holistyczna terapia i wsparcie do\u015bwiadczonych specjalist\u00f3w.<\/h5>\t\t\t\t<\/div>\n\t\t<div class=\"elementor-element elementor-element-28660cd0 e-grid e-con-full e-con e-child\" data-id=\"28660cd0\" data-element_type=\"container\" data-e-type=\"container\">\n\t\t\t\t\t    \t            <a\n            \t\t\thref=\"https:\/\/zarejestrowani.pl\/w\/HpsHUoYW5HuuMMOxXi1wUA\/\"\n        target=\"_blank\"\n            class=\"e-4692985e-6834da2 e-button-base\"\n            data-interaction-id=\"4692985e\"\n             \n        >\n            Um\u00f3w wizyt\u0119 Karolina \n        <\/a>\n    \t\t\t\t\t    \t            <a\n            \t\t\thref=\"https:\/\/zarejestrowani.pl\/w\/CpzVIeo4ZMNVaZa78mVdlA\/\"\n        target=\"_blank\"\n            class=\"e-52dfa7f9-2fad38f e-button-base\"\n            data-interaction-id=\"52dfa7f9\"\n             \n        >\n            Um\u00f3w wizyt\u0119 Bart\u0142omiej&nbsp;\n        <\/a>\n    \t\t\t\t<\/div>\n\t\t\t\t<\/div>\n\t\t\t\t<\/div>\n\t\t<div class=\"elementor-element elementor-element-6eb7473f e-flex e-con-boxed e-con e-parent\" data-id=\"6eb7473f\" data-element_type=\"container\" data-e-type=\"container\">\n\t\t\t\t\t<div class=\"e-con-inner\">\n\t\t\t\t<div class=\"elementor-element elementor-element-5f36e081 elementor-widget elementor-widget-heading\" data-id=\"5f36e081\" data-element_type=\"widget\" data-e-type=\"widget\" data-widget_type=\"heading.default\">\n\t\t\t\t\t<h2 class=\"elementor-heading-title elementor-size-default\">O nas<\/h2>\t\t\t\t<\/div>\n\t\t\t\t\t<\/div>\n\t\t\t\t<\/div>\n\t\t<div class=\"elementor-element elementor-element-27e25e87 e-grid e-con-boxed e-con e-parent\" data-id=\"27e25e87\" data-element_type=\"container\" data-e-type=\"container\">\n\t\t\t\t\t<div class=\"e-con-inner\">\n\t\t\t\t<div class=\"elementor-element elementor-element-2c4ee10a elementor-widget elementor-widget-text-editor\" data-id=\"2c4ee10a\" data-element_type=\"widget\" data-e-type=\"widget\" data-widget_type=\"text-editor.default\">\n\t\t\t\t\t\t\t\t\t<p>Fizjoterapia Strzelce to miejsce, gdzie zdrowie i sprawno\u015b\u0107 fizyczna pacjenta s\u0105 najwa\u017cniejsze. \u0141\u0105czymy do\u015bwiadczenie w pracy ze sportowcami, nowoczesne metody terapii manualnej oraz holistyczne podej\u015bcie do zdrowia. Ka\u017cdy pacjent traktowany jest indywidualnie, a nasza praca opiera si\u0119 na empatii, wiedzy i praktyce.<\/p>\t\t\t\t\t\t\t\t<\/div>\n\t\t\t\t\t\t\t\n\t\t<img class=\"e-image-base \" \n\t\t\t\t\tdata-interaction-id=\"bbcc173\" \n\t\t \n\t\t \n\t\t\t\t\t\t\t\t\tid=\"23\"\n\t\t\t\t\t\t\t\t\t\t\t\tsrc=\"https:\/\/fizjoterapiastrzelce.pl\/wp-content\/uploads\/2024\/11\/DSC00248-2-scaled.jpg\"\n\t\t\t\t\t\t\t\t\t\t\t\twidth=\"2560\"\n\t\t\t\t\t\t\t\t\t\t\t\theight=\"1707\"\n\t\t\t\t\t\t\t\t\t\t\t\tsrcset=\"https:\/\/fizjoterapiastrzelce.pl\/wp-content\/uploads\/2024\/11\/DSC00248-2-scaled.jpg 2560w, https:\/\/fizjoterapiastrzelce.pl\/wp-content\/uploads\/2024\/11\/DSC00248-2-300x200.jpg 300w, https:\/\/fizjoterapiastrzelce.pl\/wp-content\/uploads\/2024\/11\/DSC00248-2-1024x683.jpg 1024w, https:\/\/fizjoterapiastrzelce.pl\/wp-content\/uploads\/2024\/11\/DSC00248-2-768x512.jpg 768w, https:\/\/fizjoterapiastrzelce.pl\/wp-content\/uploads\/2024\/11\/DSC00248-2-1536x1024.jpg 1536w, https:\/\/fizjoterapiastrzelce.pl\/wp-content\/uploads\/2024\/11\/DSC00248-2-2048x1365.jpg 2048w\"\n\t\t\t\t\t\t\t\t\t\t\t\talt=\"\"\n\t\t\t\t\t\t\/>\n\t\t\t\t\t\t<\/div>\n\t\t\t\t<\/div>\n\t\t<div class=\"elementor-element elementor-element-328fdeb9 e-flex e-con-boxed e-con e-parent\" data-id=\"328fdeb9\" data-element_type=\"container\" data-e-type=\"container\" data-settings=\"{&quot;background_background&quot;:&quot;classic&quot;}\">\n\t\t\t\t\t<div class=\"e-con-inner\">\n\t\t\t\t<div class=\"elementor-element elementor-element-41b366f elementor-widget elementor-widget-heading\" data-id=\"41b366f\" data-element_type=\"widget\" data-e-type=\"widget\" data-widget_type=\"heading.default\">\n\t\t\t\t\t<h2 class=\"elementor-heading-title elementor-size-default\">Zesp\u00f3\u0142<\/h2>\t\t\t\t<\/div>\n\t\t\t\t\t<\/div>\n\t\t\t\t<\/div>\n\t\t<div class=\"elementor-element elementor-element-7f588272 e-grid e-con-boxed e-con e-parent\" data-id=\"7f588272\" data-element_type=\"container\" data-e-type=\"container\" data-settings=\"{&quot;background_background&quot;:&quot;classic&quot;}\">\n\t\t\t\t\t<div class=\"e-con-inner\">\n\t\t\t\t\t\t\t\n\t\t<img class=\"e-image-base \" \n\t\t\t\t\tdata-interaction-id=\"3802e0c9\" \n\t\t \n\t\t \n\t\t\t\t\t\t\t\t\tid=\"30\"\n\t\t\t\t\t\t\t\t\t\t\t\tsrc=\"https:\/\/fizjoterapiastrzelce.pl\/wp-content\/uploads\/2024\/11\/PL_E._legit._nauczyciela_Uniwersytet_Opolski_9g6e45mn.jpg\"\n\t\t\t\t\t\t\t\t\t\t\t\twidth=\"1000\"\n\t\t\t\t\t\t\t\t\t\t\t\theight=\"1250\"\n\t\t\t\t\t\t\t\t\t\t\t\tsrcset=\"https:\/\/fizjoterapiastrzelce.pl\/wp-content\/uploads\/2024\/11\/PL_E._legit._nauczyciela_Uniwersytet_Opolski_9g6e45mn.jpg 1000w, https:\/\/fizjoterapiastrzelce.pl\/wp-content\/uploads\/2024\/11\/PL_E._legit._nauczyciela_Uniwersytet_Opolski_9g6e45mn-240x300.jpg 240w, https:\/\/fizjoterapiastrzelce.pl\/wp-content\/uploads\/2024\/11\/PL_E._legit._nauczyciela_Uniwersytet_Opolski_9g6e45mn-819x1024.jpg 819w, https:\/\/fizjoterapiastrzelce.pl\/wp-content\/uploads\/2024\/11\/PL_E._legit._nauczyciela_Uniwersytet_Opolski_9g6e45mn-768x960.jpg 768w\"\n\t\t\t\t\t\t\t\t\t\t\t\talt=\"\"\n\t\t\t\t\t\t\/>\n\t\t\t\t\t\t\t\t\n\t\t<img class=\"e-image-base \" \n\t\t\t\t\tdata-interaction-id=\"2811ffb2\" \n\t\t \n\t\t \n\t\t\t\t\t\t\t\t\tid=\"123\"\n\t\t\t\t\t\t\t\t\t\t\t\tsrc=\"https:\/\/fizjoterapiastrzelce.pl\/wp-content\/uploads\/2024\/11\/DSC00227-4-scaled.jpg\"\n\t\t\t\t\t\t\t\t\t\t\t\twidth=\"1707\"\n\t\t\t\t\t\t\t\t\t\t\t\theight=\"2560\"\n\t\t\t\t\t\t\t\t\t\t\t\tsrcset=\"https:\/\/fizjoterapiastrzelce.pl\/wp-content\/uploads\/2024\/11\/DSC00227-4-scaled.jpg 1707w, https:\/\/fizjoterapiastrzelce.pl\/wp-content\/uploads\/2024\/11\/DSC00227-4-200x300.jpg 200w, https:\/\/fizjoterapiastrzelce.pl\/wp-content\/uploads\/2024\/11\/DSC00227-4-683x1024.jpg 683w, https:\/\/fizjoterapiastrzelce.pl\/wp-content\/uploads\/2024\/11\/DSC00227-4-768x1152.jpg 768w, https:\/\/fizjoterapiastrzelce.pl\/wp-content\/uploads\/2024\/11\/DSC00227-4-1024x1536.jpg 1024w, https:\/\/fizjoterapiastrzelce.pl\/wp-content\/uploads\/2024\/11\/DSC00227-4-1365x2048.jpg 1365w\"\n\t\t\t\t\t\t\t\t\t\t\t\talt=\"\"\n\t\t\t\t\t\t\/>\n\t\t\t\t\t<div class=\"elementor-element elementor-element-297ccfa9 elementor-widget elementor-widget-heading\" data-id=\"297ccfa9\" data-element_type=\"widget\" data-e-type=\"widget\" data-widget_type=\"heading.default\">\n\t\t\t\t\t<h2 class=\"elementor-heading-title elementor-size-default\">mgr. Bart\u0142omiej Michalski<\/h2>\t\t\t\t<\/div>\n\t\t\t\t<div class=\"elementor-element elementor-element-4cefef03 elementor-widget elementor-widget-heading\" data-id=\"4cefef03\" data-element_type=\"widget\" data-e-type=\"widget\" data-widget_type=\"heading.default\">\n\t\t\t\t\t<h2 class=\"elementor-heading-title elementor-size-default\">mgr. Karolina Miszczuk <\/h2>\t\t\t\t<\/div>\n\t\t\t\t<div class=\"elementor-element elementor-element-79790cc3 elementor-widget elementor-widget-text-editor\" data-id=\"79790cc3\" data-element_type=\"widget\" data-e-type=\"widget\" data-widget_type=\"text-editor.default\">\n\t\t\t\t\t\t\t\t\t<p data-start=\"63\" data-end=\"359\">Jestem magistrem fizjoterapii z do\u015bwiadczeniem w plac\u00f3wkach medycznych oraz pracy ze sportowcami, w tym polsk\u0105 kadr\u0105 bobslejow\u0105 podczas przygotowa\u0144 do Zimowych Igrzysk Olimpijskich w Pjongczangu. Prowadz\u0119 w\u0142asn\u0105 praktyk\u0119, stawiaj\u0105c na indywidualne podej\u015bcie i holistyczne spojrzenie na zdrowie.<\/p><p data-start=\"361\" data-end=\"683\">Specjalizuj\u0119 si\u0119 w terapii b\u00f3lowej, terapii manualnej, fizjoterapii sportowej i ortopedycznej oraz pracy z psychosomatyk\u0105 i oddechem. Uko\u0144czy\u0142em liczne kursy z zakresu terapii manualnej, chiropraktyki, suchego ig\u0142owania i terapii wisceralnej, co pozwala mi pomaga\u0107 zar\u00f3wno sportowcom, jak i osobom z przewlek\u0142ymi b\u00f3lami.<\/p><p data-start=\"685\" data-end=\"885\">\u00a0<\/p>\t\t\t\t\t\t\t\t<\/div>\n\t\t\t\t<div class=\"elementor-element elementor-element-66657658 elementor-widget elementor-widget-text-editor\" data-id=\"66657658\" data-element_type=\"widget\" data-e-type=\"widget\" data-widget_type=\"text-editor.default\">\n\t\t\t\t\t\t\t\t\t<p>Jestem fizjoterapeutk\u0105, instruktork\u0105 Pilates i dietetyczk\u0105, pasjonuj\u0105c\u0105 si\u0119 wspieraniem ludzi w zdrowiu i sprawno\u015bci. Pomagam redukowa\u0107 b\u00f3l, przywraca\u0107 r\u00f3wnowag\u0119 w ciele oraz wprowadza\u0107 zdrowe nawyki \u017cywieniowe. Specjalizuj\u0119 si\u0119 w suchym ig\u0142owaniu i akupunkturze, prowadz\u0119 zaj\u0119cia grupowe i treningi personalne na reformerze, a sama regularnie praktykuj\u0119 Pilates. W pracy \u0142\u0105cz\u0119 wiedz\u0119, do\u015bwiadczenie i pasj\u0119, by inspirowa\u0107 do ruchu, zdrowego od\u017cywiania i dbania o cia\u0142o, umys\u0142 oraz r\u00f3wnowag\u0119 w \u017cyciu. Po pracy uwielbiam aktywnie sp\u0119dza\u0107 czas na \u015bwie\u017cym powietrzu i czerpa\u0107 inspiracj\u0119 z natury.<\/p>\t\t\t\t\t\t\t\t<\/div>\n\t\t\t\t\t<\/div>\n\t\t\t\t<\/div>\n\t\t<div class=\"elementor-element elementor-element-24edceff e-flex e-con-boxed e-con e-parent\" data-id=\"24edceff\" data-element_type=\"container\" data-e-type=\"container\">\n\t\t\t\t\t<div class=\"e-con-inner\">\n\t\t\t\t<div class=\"elementor-element elementor-element-e484f6c elementor-widget elementor-widget-heading\" data-id=\"e484f6c\" data-element_type=\"widget\" data-e-type=\"widget\" data-widget_type=\"heading.default\">\n\t\t\t\t\t<h2 class=\"elementor-heading-title elementor-size-default\">Oferta us\u0142ug <\/h2>\t\t\t\t<\/div>\n\t\t\t\t\t<\/div>\n\t\t\t\t<\/div>\n\t\t<div class=\"elementor-element elementor-element-66c77339 e-grid e-con-boxed e-con e-parent\" data-id=\"66c77339\" data-element_type=\"container\" data-e-type=\"container\">\n\t\t\t\t\t<div class=\"e-con-inner\">\n\t\t\t\t\t\t\t\n\t\t<img class=\"e-image-base \" \n\t\t\t\t\tdata-interaction-id=\"11a7a89f\" \n\t\t \n\t\t \n\t\t\t\t\t\t\t\t\tid=\"296\"\n\t\t\t\t\t\t\t\t\t\t\t\tsrc=\"https:\/\/fizjoterapiastrzelce.pl\/wp-content\/uploads\/2026\/04\/1-scaled.jpg\"\n\t\t\t\t\t\t\t\t\t\t\t\twidth=\"2560\"\n\t\t\t\t\t\t\t\t\t\t\t\theight=\"2560\"\n\t\t\t\t\t\t\t\t\t\t\t\tsrcset=\"https:\/\/fizjoterapiastrzelce.pl\/wp-content\/uploads\/2026\/04\/1-scaled.jpg 2560w, https:\/\/fizjoterapiastrzelce.pl\/wp-content\/uploads\/2026\/04\/1-300x300.jpg 300w, https:\/\/fizjoterapiastrzelce.pl\/wp-content\/uploads\/2026\/04\/1-1024x1024.jpg 1024w, https:\/\/fizjoterapiastrzelce.pl\/wp-content\/uploads\/2026\/04\/1-150x150.jpg 150w, https:\/\/fizjoterapiastrzelce.pl\/wp-content\/uploads\/2026\/04\/1-768x768.jpg 768w, https:\/\/fizjoterapiastrzelce.pl\/wp-content\/uploads\/2026\/04\/1-1536x1536.jpg 1536w, https:\/\/fizjoterapiastrzelce.pl\/wp-content\/uploads\/2026\/04\/1-2048x2048.jpg 2048w\"\n\t\t\t\t\t\t\t\t\t\t\t\talt=\"\"\n\t\t\t\t\t\t\/>\n\t\t\t\t\t\t\t\t\n\t\t<img class=\"e-image-base \" \n\t\t\t\t\tdata-interaction-id=\"25146311\" \n\t\t \n\t\t \n\t\t\t\t\t\t\t\t\tid=\"300\"\n\t\t\t\t\t\t\t\t\t\t\t\tsrc=\"https:\/\/fizjoterapiastrzelce.pl\/wp-content\/uploads\/2026\/04\/4-scaled.jpg\"\n\t\t\t\t\t\t\t\t\t\t\t\twidth=\"2560\"\n\t\t\t\t\t\t\t\t\t\t\t\theight=\"2560\"\n\t\t\t\t\t\t\t\t\t\t\t\tsrcset=\"https:\/\/fizjoterapiastrzelce.pl\/wp-content\/uploads\/2026\/04\/4-scaled.jpg 2560w, https:\/\/fizjoterapiastrzelce.pl\/wp-content\/uploads\/2026\/04\/4-300x300.jpg 300w, https:\/\/fizjoterapiastrzelce.pl\/wp-content\/uploads\/2026\/04\/4-1024x1024.jpg 1024w, https:\/\/fizjoterapiastrzelce.pl\/wp-content\/uploads\/2026\/04\/4-150x150.jpg 150w, https:\/\/fizjoterapiastrzelce.pl\/wp-content\/uploads\/2026\/04\/4-768x768.jpg 768w, https:\/\/fizjoterapiastrzelce.pl\/wp-content\/uploads\/2026\/04\/4-1536x1536.jpg 1536w, https:\/\/fizjoterapiastrzelce.pl\/wp-content\/uploads\/2026\/04\/4-2048x2048.jpg 2048w\"\n\t\t\t\t\t\t\t\t\t\t\t\talt=\"\"\n\t\t\t\t\t\t\/>\n\t\t\t\t\t\t\t\t\n\t\t<img class=\"e-image-base \" \n\t\t\t\t\tdata-interaction-id=\"15e1bda5\" \n\t\t \n\t\t \n\t\t\t\t\t\t\t\t\tid=\"299\"\n\t\t\t\t\t\t\t\t\t\t\t\tsrc=\"https:\/\/fizjoterapiastrzelce.pl\/wp-content\/uploads\/2026\/04\/3-scaled.jpg\"\n\t\t\t\t\t\t\t\t\t\t\t\twidth=\"2560\"\n\t\t\t\t\t\t\t\t\t\t\t\theight=\"2560\"\n\t\t\t\t\t\t\t\t\t\t\t\tsrcset=\"https:\/\/fizjoterapiastrzelce.pl\/wp-content\/uploads\/2026\/04\/3-scaled.jpg 2560w, https:\/\/fizjoterapiastrzelce.pl\/wp-content\/uploads\/2026\/04\/3-300x300.jpg 300w, https:\/\/fizjoterapiastrzelce.pl\/wp-content\/uploads\/2026\/04\/3-1024x1024.jpg 1024w, https:\/\/fizjoterapiastrzelce.pl\/wp-content\/uploads\/2026\/04\/3-150x150.jpg 150w, https:\/\/fizjoterapiastrzelce.pl\/wp-content\/uploads\/2026\/04\/3-768x768.jpg 768w, https:\/\/fizjoterapiastrzelce.pl\/wp-content\/uploads\/2026\/04\/3-1536x1536.jpg 1536w, https:\/\/fizjoterapiastrzelce.pl\/wp-content\/uploads\/2026\/04\/3-2048x2048.jpg 2048w\"\n\t\t\t\t\t\t\t\t\t\t\t\talt=\"\"\n\t\t\t\t\t\t\/>\n\t\t\t\t\t<div class=\"elementor-element elementor-element-15e3d499 elementor-widget elementor-widget-heading\" data-id=\"15e3d499\" data-element_type=\"widget\" data-e-type=\"widget\" data-widget_type=\"heading.default\">\n\t\t\t\t\t<h2 class=\"elementor-heading-title elementor-size-default\">Terapia manualna <\/h2>\t\t\t\t<\/div>\n\t\t\t\t<div class=\"elementor-element elementor-element-91381b5 elementor-widget elementor-widget-heading\" data-id=\"91381b5\" data-element_type=\"widget\" data-e-type=\"widget\" data-widget_type=\"heading.default\">\n\t\t\t\t\t<h2 class=\"elementor-heading-title elementor-size-default\">Trening - reformer <\/h2>\t\t\t\t<\/div>\n\t\t\t\t<div class=\"elementor-element elementor-element-1a37be3d elementor-widget elementor-widget-heading\" data-id=\"1a37be3d\" data-element_type=\"widget\" data-e-type=\"widget\" data-widget_type=\"heading.default\">\n\t\t\t\t\t<h2 class=\"elementor-heading-title elementor-size-default\">Akupunktura<\/h2>\t\t\t\t<\/div>\n\t\t\t\t\t<\/div>\n\t\t\t\t<\/div>\n\t\t<div class=\"elementor-element elementor-element-77a47225 e-grid e-con-boxed e-con e-parent\" data-id=\"77a47225\" data-element_type=\"container\" data-e-type=\"container\">\n\t\t\t\t\t<div class=\"e-con-inner\">\n\t\t<div class=\"elementor-element elementor-element-2fbd51e7 e-grid e-con-full e-con e-child\" data-id=\"2fbd51e7\" data-element_type=\"container\" data-e-type=\"container\">\n\t\t\t\t<div class=\"elementor-element elementor-element-25137d84 elementor-widget elementor-widget-text-editor\" data-id=\"25137d84\" data-element_type=\"widget\" data-e-type=\"widget\" data-widget_type=\"text-editor.default\">\n\t\t\t\t\t\t\t\t\t<p data-start=\"263\" data-end=\"417\">Indywidualne podej\u015bcie do ka\u017cdego pacjenta, kt\u00f3re przywraca prawid\u0142ow\u0105 ruchomo\u015b\u0107, redukuje napi\u0119cia i wspomaga regeneracj\u0119 cia\u0142a.<\/p>\t\t\t\t\t\t\t\t<\/div>\n\t\t\t\t<div class=\"elementor-element elementor-element-5b2ced56 elementor-widget elementor-widget-text-editor\" data-id=\"5b2ced56\" data-element_type=\"widget\" data-e-type=\"widget\" data-widget_type=\"text-editor.default\">\n\t\t\t\t\t\t\t\t\t<p data-start=\"70\" data-end=\"261\">Skuteczna metoda redukcji b\u00f3lu i przywracania r\u00f3wnowagi w organizmie poprzez precyzyjne dzia\u0142anie na punkty energetyczne. Wspiera zdrowie fizyczne i poprawia samopoczucie.<\/p>\t\t\t\t\t\t\t\t<\/div>\n\t\t\t\t<div class=\"elementor-element elementor-element-7fca4130 elementor-widget elementor-widget-text-editor\" data-id=\"7fca4130\" data-element_type=\"widget\" data-e-type=\"widget\" data-widget_type=\"text-editor.default\">\n\t\t\t\t\t\t\t\t\t<p data-start=\"419\" data-end=\"606\">Precyzyjne \u0107wiczenia wzmacniaj\u0105ce cia\u0142o, poprawiaj\u0105ce postaw\u0119 i mobilno\u015b\u0107. Idealne dla os\u00f3b szukaj\u0105cych efektywnego treningu dostosowanego do swoich potrzeb.<\/p>\t\t\t\t\t\t\t\t<\/div>\n\t\t\t\t<\/div>\n\t\t\t\t\t<\/div>\n\t\t\t\t<\/div>\n\t\t<div class=\"elementor-element elementor-element-3d8a721 e-flex e-con-boxed e-con e-parent\" data-id=\"3d8a721\" data-element_type=\"container\" data-e-type=\"container\" data-settings=\"{&quot;background_background&quot;:&quot;classic&quot;}\">\n\t\t\t\t\t<div class=\"e-con-inner\">\n\t\t\t\t<div class=\"elementor-element elementor-element-1bc6bc55 elementor-widget elementor-widget-heading\" data-id=\"1bc6bc55\" data-element_type=\"widget\" data-e-type=\"widget\" data-widget_type=\"heading.default\">\n\t\t\t\t\t<h2 class=\"elementor-heading-title elementor-size-default\">Dojazd <\/h2>\t\t\t\t<\/div>\n\t\t\t\t\t<\/div>\n\t\t\t\t<\/div>\n\t\t<div class=\"elementor-element elementor-element-18f76db9 e-flex e-con-boxed e-con e-parent\" data-id=\"18f76db9\" data-element_type=\"container\" data-e-type=\"container\" data-settings=\"{&quot;background_background&quot;:&quot;classic&quot;}\">\n\t\t\t\t\t<div class=\"e-con-inner\">\n\t\t\t\t<div class=\"elementor-element elementor-element-678c6397 elementor-widget elementor-widget-google_maps\" data-id=\"678c6397\" data-element_type=\"widget\" data-e-type=\"widget\" data-widget_type=\"google_maps.default\">\n\t\t\t\t\t\t\t<div class=\"elementor-custom-embed\">\n\t\t\t<iframe loading=\"lazy\"\n\t\t\t\t\tsrc=\"https:\/\/maps.google.com\/maps?q=KB%20Fizjoterapia%20K.%20Miszczuk%20%26%20B.Michalski%2C%20Czere%C5%9Bniowa%206%2C%2047-100%20Strzelce%20Opolskie&#038;t=m&#038;z=10&#038;output=embed&#038;iwloc=near\"\n\t\t\t\t\ttitle=\"KB Fizjoterapia K. Miszczuk &amp; B.Michalski, Czere\u015bniowa 6, 47-100 Strzelce Opolskie\"\n\t\t\t\t\taria-label=\"KB Fizjoterapia K. Miszczuk &amp; B.Michalski, Czere\u015bniowa 6, 47-100 Strzelce Opolskie\"\n\t\t\t><\/iframe>\n\t\t<\/div>\n\t\t\t\t\t\t<\/div>\n\t\t<div class=\"elementor-element elementor-element-481122a6 e-grid e-con-full e-con e-child\" data-id=\"481122a6\" data-element_type=\"container\" data-e-type=\"container\">\n\t\t\t\t<div class=\"elementor-element elementor-element-3681c266 elementor-widget elementor-widget-text-editor\" data-id=\"3681c266\" data-element_type=\"widget\" data-e-type=\"widget\" data-widget_type=\"text-editor.default\">\n\t\t\t\t\t\t\t\t\t<p>KB Fizjoterapia K. Miszczuk &amp; B.Michalski, Czere\u015bniowa 6, 47-100 Strzelce Opolskie<\/p>\t\t\t\t\t\t\t\t<\/div>\n\t\t\t\t<div class=\"elementor-element elementor-element-6e3c5750 elementor-widget elementor-widget-image\" data-id=\"6e3c5750\" data-element_type=\"widget\" data-e-type=\"widget\" data-widget_type=\"image.default\">\n\t\t\t\t\t\t\t\t\t\t\t\t\t\t\t<img fetchpriority=\"high\" decoding=\"async\" width=\"1024\" height=\"672\" src=\"https:\/\/fizjoterapiastrzelce.pl\/wp-content\/uploads\/2026\/04\/2024-03-27-1024x672.jpg\" class=\"attachment-large size-large wp-image-295\" alt=\"\" srcset=\"https:\/\/fizjoterapiastrzelce.pl\/wp-content\/uploads\/2026\/04\/2024-03-27-1024x672.jpg 1024w, https:\/\/fizjoterapiastrzelce.pl\/wp-content\/uploads\/2026\/04\/2024-03-27-300x197.jpg 300w, https:\/\/fizjoterapiastrzelce.pl\/wp-content\/uploads\/2026\/04\/2024-03-27-768x504.jpg 768w, https:\/\/fizjoterapiastrzelce.pl\/wp-content\/uploads\/2026\/04\/2024-03-27.jpg 1360w\" sizes=\"(max-width: 1024px) 100vw, 1024px\" \/>\t\t\t\t\t\t\t\t\t\t\t\t\t\t\t<\/div>\n\t\t\t\t<\/div>\n\t\t\t\t\t<\/div>\n\t\t\t\t<\/div>\n\t\t<div class=\"elementor-element elementor-element-16cc7208 e-grid e-con-full e-con e-parent\" data-id=\"16cc7208\" data-element_type=\"container\" data-e-type=\"container\">\n\t\t\t\t<\/div>\n\t\t\t\t<\/div>\n\t\t","protected":false},"excerpt":{"rendered":"<p>Profesjonalna fizjoterapia w Strzelcach Opolskich \u2013 zadbaj o zdrowie swojego cia\u0142a. Indywidualne podej\u015bcie, holistyczna terapia i wsparcie do\u015bwiadczonych specjalist\u00f3w. Um\u00f3w wizyt\u0119 Karolina Um\u00f3w wizyt\u0119 Bart\u0142omiej&nbsp; O nas Fizjoterapia Strzelce to miejsce, gdzie zdrowie i sprawno\u015b\u0107 fizyczna pacjenta s\u0105 najwa\u017cniejsze. \u0141\u0105czymy do\u015bwiadczenie w pracy ze sportowcami, nowoczesne metody terapii manualnej oraz holistyczne podej\u015bcie do zdrowia. Ka\u017cdy&#8230;<\/p>\n","protected":false},"author":1,"featured_media":0,"parent":0,"menu_order":0,"comment_status":"closed","ping_status":"closed","template":"","meta":{"_kadence_starter_templates_imported_post":false,"_kad_post_transparent":"","_kad_post_title":"hide","_kad_post_layout":"fullwidth","_kad_post_sidebar_id":"","_kad_post_content_style":"unboxed","_kad_post_vertical_padding":"hide","_kad_post_feature":"hide","_kad_post_feature_position":"","_kad_post_header":false,"_kad_post_footer":false,"_kad_post_classname":"","footnotes":""},"class_list":["post-321","page","type-page","status-publish","hentry"],"_links":{"self":[{"href":"https:\/\/fizjoterapiastrzelce.pl\/index.php\/wp-json\/wp\/v2\/pages\/321","targetHints":{"allow":["GET"]}}],"collection":[{"href":"https:\/\/fizjoterapiastrzelce.pl\/index.php\/wp-json\/wp\/v2\/pages"}],"about":[{"href":"https:\/\/fizjoterapiastrzelce.pl\/index.php\/wp-json\/wp\/v2\/types\/page"}],"author":[{"embeddable":true,"href":"https:\/\/fizjoterapiastrzelce.pl\/index.php\/wp-json\/wp\/v2\/users\/1"}],"replies":[{"embeddable":true,"href":"https:\/\/fizjoterapiastrzelce.pl\/index.php\/wp-json\/wp\/v2\/comments?post=321"}],"version-history":[{"count":26,"href":"https:\/\/fizjoterapiastrzelce.pl\/index.php\/wp-json\/wp\/v2\/pages\/321\/revisions"}],"predecessor-version":[{"id":348,"href":"https:\/\/fizjoterapiastrzelce.pl\/index.php\/wp-json\/wp\/v2\/pages\/321\/revisions\/348"}],"wp:attachment":[{"href":"https:\/\/fizjoterapiastrzelce.pl\/index.php\/wp-json\/wp\/v2\/media?parent=321"}],"curies":[{"name":"wp","href":"https:\/\/api.w.org\/{rel}","templated":true}]}}